{"id":255,"date":"2015-04-25T04:32:30","date_gmt":"2015-04-25T04:32:30","guid":{"rendered":"http:\/\/8pokoi.pl\/?page_id=255"},"modified":"2021-07-28T11:20:48","modified_gmt":"2021-07-28T09:20:48","slug":"strona-glowna","status":"publish","type":"page","link":"https:\/\/8pokoi.pl\/","title":{"rendered":"NOCLEGI  W CIESZYNIE OFKA"},"content":{"rendered":"<h2><strong>Witaj drogi Go\u015bciu w Cieszynie!!!<\/strong><\/h2>\n<p>Wielcem rada, \u017ce zawita\u0142e\u015b do <strong>Grodu Trzech Braci<\/strong>. Mam nadziej\u0119, \u017ce podoba Ci si\u0119 nasze miasto i zechcesz zabawi\u0107 tu d\u0142u\u017cej. Je\u015bli poszukujesz <strong>klimatycznego noclegu w Cieszynie<\/strong> polecam Ci nasze <strong>pokoje butikowe<\/strong>, po\u0142o\u017cone na <strong>Wzg\u00f3rzu Zamkowym<\/strong> \u2013 najbardziej charakterystycznym miejscu miasta. \u0141\u0105cz\u0105 one w unikalny spos\u00f3b nowoczesny design z romantyczn\u0105 atmosfer\u0105 \u015bredniowiecznego grodu. Proponuj\u0119 Ci pokoje go\u015bcinne w atrakcyjnej cenie dostosowane do zasobno\u015bci portfeli naszych go\u015bci.<\/p>\n<p>Je\u015bli szukasz przytulnej kwatery, hotelu w miejscu \u201ez dusz\u0105\u201d, serdecznie zapraszam w nasze progi.<\/p>\n<h2><strong>Cieszyn<\/strong><\/h2>\n<p>to niewielka ale przeurocza miejscowo\u015b\u0107 po\u0142o\u017cona<strong> nad Olz\u0105<\/strong>, kt\u00f3ra jednocze\u015bnie wyznacza granic\u0119 mi\u0119dzy Polsk\u0105 a Czechami. Miasto zwane jest Grodem Trzech Braci na pami\u0105tk\u0119 legendy o jego za\u0142o\u017cycielach \u2013 Bolku, Leszku i Cieszku. Wed\u0142ug podania kiedy bracia po d\u0142ugiej roz\u0142\u0105ce ponownie si\u0119 zobaczyli bardzo si\u0119 z tego faktu ucieszyli, a na pami\u0105tk\u0119 za\u0142o\u017cyli osad\u0119, kt\u00f3r\u0105 nazwali <strong>Cieszyn<\/strong>.<\/p>\n<h2><strong>Wzg\u00f3rze Zamkowe<\/strong><\/h2>\n<p>Niew\u0105tpliwie jednym z najstarszych i najpi\u0119kniejszych zak\u0105tk\u00f3w Cieszyna jest Wzg\u00f3rze Zamkowe z wysok\u0105 na 28 metr\u00f3w <strong>Wie\u017c\u0105 Piastowsk\u0105<\/strong> \u2013 pozosta\u0142o\u015bci\u0105 po wybudowanym w XIII wieku \u015bredniowiecznym zamku, siedzibie cieszy\u0144skiej ga\u0142\u0119zi rodu Piast\u00f3w. Obok wie\u017cy znajduje si\u0119 tak\u017ce <strong>roma\u0144ska rotunda pod wezwaniem \u015bw. Miko\u0142aja i Wac\u0142awa,<\/strong> pe\u0142ni\u0105ca funkcj\u0119 kaplicy w\u0142adc\u00f3w \u015al\u0105ska cieszy\u0144skiego, kt\u00f3rej obraz ka\u017cdy nosi<br \/>\nw portfelu, jako \u017ce \u015bwi\u0105tynia ta widnieje na rewersie dwudziestoz\u0142otowego banknotu.<\/p>\n<p>Ca\u0142y kompleks pa\u0142acowo \u2013 sakralny owiany jest mg\u0142\u0105 tajemnic, legend i poda\u0144, kt\u00f3rych magi\u0119 najsilniej mo\u017cna poczu\u0107 sp\u0119dzaj\u0105c noc na Wzg\u00f3rzu Zamkowym. I nie trzeba wcale by\u0107 szlachetnie urodzonym czy posiadaczem magnackiej fortuny, aby cho\u0107 przez chwil\u0119 poczu\u0107 atmosfer\u0119 \u015bredniowiecznego dworu.<\/p>\n<p style=\"text-align: right;\"><em><strong>Szczerze oddana<\/strong><\/em><\/p>\n<p style=\"text-align: right;\"><em><strong>OFKA<\/strong><\/em><\/p>\n","protected":false},"excerpt":{"rendered":"<p>Witaj drogi Go\u015bciu w Cieszynie!!! Wielcem rada, \u017ce zawita\u0142e\u015b do Grodu Trzech Braci. Mam nadziej\u0119, \u017ce podoba Ci si\u0119 nasze miasto i zechcesz zabawi\u0107 tu d\u0142u\u017cej. Je\u015bli poszukujesz klimatycznego noclegu w Cieszynie polecam Ci nasze pokoje butikowe, po\u0142o\u017cone na Wzg\u00f3rzu Zamkowym \u2013 najbardziej charakterystycznym miejscu miasta. \u0141\u0105cz\u0105 one w unikalny[&#8230;]<\/p>\n","protected":false},"author":1,"featured_media":0,"parent":0,"menu_order":0,"comment_status":"open","ping_status":"open","template":"template-front.php","meta":[],"yoast_head":"<!-- This site is optimized with the Yoast SEO plugin v17.0 - https:\/\/yoast.com\/wordpress\/plugins\/seo\/ -->\n<title>NOCLEGI W CIESZYNIE OFKA - Hotel 8 pokoi noclegi, kwatery, pokoje go\u015bcinne<\/title>\n<meta name=\"description\" content=\"Wypoczynek na wzg\u00f3rzu zamkowym w Cieszynie. Stylowy hotel z pokojami go\u015bcinnymi butikowymi zaprasza do siebie na kwater\u0119.\" \/>\n<meta name=\"robots\" content=\"index, follow, max-snippet:-1, max-image-preview:large, max-video-preview:-1\" \/>\n<link rel=\"canonical\" href=\"https:\/\/8pokoi.pl\/\" \/>\n<meta property=\"og:locale\" content=\"pl_PL\" \/>\n<meta property=\"og:type\" content=\"article\" \/>\n<meta property=\"og:title\" content=\"NOCLEGI W CIESZYNIE OFKA - Hotel 8 pokoi noclegi, kwatery, pokoje go\u015bcinne\" \/>\n<meta property=\"og:description\" content=\"Wypoczynek na wzg\u00f3rzu zamkowym w Cieszynie. Stylowy hotel z pokojami go\u015bcinnymi butikowymi zaprasza do siebie na kwater\u0119.\" \/>\n<meta property=\"og:url\" content=\"https:\/\/8pokoi.pl\/\" \/>\n<meta property=\"og:site_name\" content=\"Hotel 8 pokoi noclegi, kwatery, pokoje go\u015bcinne\" \/>\n<meta property=\"article:modified_time\" content=\"2021-07-28T09:20:48+00:00\" \/>\n<meta name=\"twitter:card\" content=\"summary_large_image\" \/>\n<meta name=\"twitter:label1\" content=\"Szacowany czas czytania\" \/>\n\t<meta name=\"twitter:data1\" content=\"2 minuty\" \/>\n<script type=\"application\/ld+json\" class=\"yoast-schema-graph\">{\"@context\":\"https:\/\/schema.org\",\"@graph\":[{\"@type\":\"WebSite\",\"@id\":\"https:\/\/8pokoi.pl\/#website\",\"url\":\"https:\/\/8pokoi.pl\/\",\"name\":\"Hotel 8 pokoi noclegi, kwatery, pokoje go\\u015bcinne\",\"description\":\"Ofka zaprasza w swoje progi na noclegi do Cieszyna\",\"potentialAction\":[{\"@type\":\"SearchAction\",\"target\":{\"@type\":\"EntryPoint\",\"urlTemplate\":\"https:\/\/8pokoi.pl\/?s={search_term_string}\"},\"query-input\":\"required name=search_term_string\"}],\"inLanguage\":\"pl-PL\"},{\"@type\":\"WebPage\",\"@id\":\"https:\/\/8pokoi.pl\/#webpage\",\"url\":\"https:\/\/8pokoi.pl\/\",\"name\":\"NOCLEGI W CIESZYNIE OFKA - Hotel 8 pokoi noclegi, kwatery, pokoje go\\u015bcinne\",\"isPartOf\":{\"@id\":\"https:\/\/8pokoi.pl\/#website\"},\"datePublished\":\"2015-04-25T04:32:30+00:00\",\"dateModified\":\"2021-07-28T09:20:48+00:00\",\"description\":\"Wypoczynek na wzg\\u00f3rzu zamkowym w Cieszynie. Stylowy hotel z pokojami go\\u015bcinnymi butikowymi zaprasza do siebie na kwater\\u0119.\",\"breadcrumb\":{\"@id\":\"https:\/\/8pokoi.pl\/#breadcrumb\"},\"inLanguage\":\"pl-PL\",\"potentialAction\":[{\"@type\":\"ReadAction\",\"target\":[\"https:\/\/8pokoi.pl\/\"]}]},{\"@type\":\"BreadcrumbList\",\"@id\":\"https:\/\/8pokoi.pl\/#breadcrumb\",\"itemListElement\":[{\"@type\":\"ListItem\",\"position\":1,\"name\":\"Strona g\\u0142\\u00f3wna\",\"item\":\"https:\/\/8pokoi.pl\/\"},{\"@type\":\"ListItem\",\"position\":2,\"name\":\"NOCLEGI W CIESZYNIE OFKA\"}]}]}<\/script>\n<!-- \/ Yoast SEO plugin. -->","yoast_head_json":{"title":"NOCLEGI W CIESZYNIE OFKA - Hotel 8 pokoi noclegi, kwatery, pokoje go\u015bcinne","description":"Wypoczynek na wzg\u00f3rzu zamkowym w Cieszynie. Stylowy hotel z pokojami go\u015bcinnymi butikowymi zaprasza do siebie na kwater\u0119.","robots":{"index":"index","follow":"follow","max-snippet":"max-snippet:-1","max-image-preview":"max-image-preview:large","max-video-preview":"max-video-preview:-1"},"canonical":"https:\/\/8pokoi.pl\/","og_locale":"pl_PL","og_type":"article","og_title":"NOCLEGI W CIESZYNIE OFKA - Hotel 8 pokoi noclegi, kwatery, pokoje go\u015bcinne","og_description":"Wypoczynek na wzg\u00f3rzu zamkowym w Cieszynie. Stylowy hotel z pokojami go\u015bcinnymi butikowymi zaprasza do siebie na kwater\u0119.","og_url":"https:\/\/8pokoi.pl\/","og_site_name":"Hotel 8 pokoi noclegi, kwatery, pokoje go\u015bcinne","article_modified_time":"2021-07-28T09:20:48+00:00","twitter_card":"summary_large_image","twitter_misc":{"Szacowany czas czytania":"2 minuty"},"schema":{"@context":"https:\/\/schema.org","@graph":[{"@type":"WebSite","@id":"https:\/\/8pokoi.pl\/#website","url":"https:\/\/8pokoi.pl\/","name":"Hotel 8 pokoi noclegi, kwatery, pokoje go\u015bcinne","description":"Ofka zaprasza w swoje progi na noclegi do Cieszyna","potentialAction":[{"@type":"SearchAction","target":{"@type":"EntryPoint","urlTemplate":"https:\/\/8pokoi.pl\/?s={search_term_string}"},"query-input":"required name=search_term_string"}],"inLanguage":"pl-PL"},{"@type":"WebPage","@id":"https:\/\/8pokoi.pl\/#webpage","url":"https:\/\/8pokoi.pl\/","name":"NOCLEGI W CIESZYNIE OFKA - Hotel 8 pokoi noclegi, kwatery, pokoje go\u015bcinne","isPartOf":{"@id":"https:\/\/8pokoi.pl\/#website"},"datePublished":"2015-04-25T04:32:30+00:00","dateModified":"2021-07-28T09:20:48+00:00","description":"Wypoczynek na wzg\u00f3rzu zamkowym w Cieszynie. Stylowy hotel z pokojami go\u015bcinnymi butikowymi zaprasza do siebie na kwater\u0119.","breadcrumb":{"@id":"https:\/\/8pokoi.pl\/#breadcrumb"},"inLanguage":"pl-PL","potentialAction":[{"@type":"ReadAction","target":["https:\/\/8pokoi.pl\/"]}]},{"@type":"BreadcrumbList","@id":"https:\/\/8pokoi.pl\/#breadcrumb","itemListElement":[{"@type":"ListItem","position":1,"name":"Strona g\u0142\u00f3wna","item":"https:\/\/8pokoi.pl\/"},{"@type":"ListItem","position":2,"name":"NOCLEGI W CIESZYNIE OFKA"}]}]}},"_links":{"self":[{"href":"https:\/\/8pokoi.pl\/index.php?rest_route=\/wp\/v2\/pages\/255"}],"collection":[{"href":"https:\/\/8pokoi.pl\/index.php?rest_route=\/wp\/v2\/pages"}],"about":[{"href":"https:\/\/8pokoi.pl\/index.php?rest_route=\/wp\/v2\/types\/page"}],"author":[{"embeddable":true,"href":"https:\/\/8pokoi.pl\/index.php?rest_route=\/wp\/v2\/users\/1"}],"replies":[{"embeddable":true,"href":"https:\/\/8pokoi.pl\/index.php?rest_route=%2Fwp%2Fv2%2Fcomments&post=255"}],"version-history":[{"count":25,"href":"https:\/\/8pokoi.pl\/index.php?rest_route=\/wp\/v2\/pages\/255\/revisions"}],"predecessor-version":[{"id":523,"href":"https:\/\/8pokoi.pl\/index.php?rest_route=\/wp\/v2\/pages\/255\/revisions\/523"}],"wp:attachment":[{"href":"https:\/\/8pokoi.pl\/index.php?rest_route=%2Fwp%2Fv2%2Fmedia&parent=255"}],"curies":[{"name":"wp","href":"https:\/\/api.w.org\/{rel}","templated":true}]}}