{"id":425,"date":"2015-05-01T00:29:16","date_gmt":"2015-04-30T22:29:16","guid":{"rendered":"http:\/\/8pokoi.pl\/?page_id=425"},"modified":"2021-07-28T12:18:52","modified_gmt":"2021-07-28T10:18:52","slug":"aktualnosci","status":"publish","type":"page","link":"https:\/\/8pokoi.pl\/?page_id=425","title":{"rendered":"Ofka Cieszyn"},"content":{"rendered":"<h1>SP\u00d3\u0141DZIELNIA SOCJALNA OFKA W CIESZYNIE<\/h1>\n<p>\u201eGdzie diabe\u0142 nie mo\u017ce, tam bab\u0119 po\u015ble\u201d \u2013 m\u00f3wi znane wszystkim przys\u0142owie. I w my\u015bl tych s\u0142\u00f3w zebra\u0142a si\u0119 grupa\u00a0niezwyk\u0142ych kobiet o r\u00f3\u017cnorodnych kompetencjach i umiej\u0119tno\u015bciach. Wszystkie po\u0142\u0105czy\u0142o miasto <strong>Cieszyn<\/strong> i urokliwe miejsce jakim jest <strong>Zamek Cieszyn<\/strong>. I tak powsta\u0142a OFKA.<\/p>\n<h2><strong>OFKA &#8211; 8POKOI<\/strong><\/h2>\n<p>to przytulny <strong>hotel<\/strong> w kt\u00f3rym mamy <strong>pokoje butikowe<\/strong>, <strong>biuro eventowe<\/strong> oraz<strong> wypo\u017cyczalnia rower\u00f3w<\/strong> . Wszystko to mie\u015bci si\u0119 w malowniczej scenerii <strong>Pa\u0142acu My\u015bliwskiego<\/strong> mieszcz\u0105cego si\u0119 na W<strong>zg\u00f3rzu Zamkowym w Cieszynie<\/strong>. Ciekawostk\u0105 jest, \u017ce Rotunda \u015bw. Miko\u0142aja znajduj\u0105ca si\u0119 w pobli\u017cu OFKI, zosta\u0142a uwieczniona na banknocie o nominale 20 z\u0142. To w\u0142a\u015bnie ona sta\u0142a si\u0119 inspiracj\u0105 do stworzenia logo OFKI. Kto\u015b m\u00f3g\u0142by zapyta\u0107 sk\u0105d taka nazwa. Ot\u00f3\u017c pochodzi ona od imienia ksi\u0119\u017cnej cieszy\u0144skiej \u2013 Eufemii zwanej Ofk\u0105, pochodz\u0105cej z dynastii Piast\u00f3w. Piastowie mieli swoj\u0105 siedzib\u0119 na Wzg\u00f3rzu Zamkowym. Eufemia \u017cy\u0142a na prze\u0142omie XIV i XV wieku. Kiedy umar\u0142 jej m\u0105\u017c Boles\u0142aw I Cieszy\u0144ski, Ksi\u0119stwo Cieszy\u0144skie znalaz\u0142o si\u0119 pod jej rz\u0105dami, kt\u00f3re pe\u0142ni\u0142a w imieniu swoich syn\u00f3w. Imi\u0119 Eufemia oznacza kobiet\u0119 przejmuj\u0105c\u0105 si\u0119 spo\u0142ecze\u0144stwem, sympatyczn\u0105, pragn\u0105c\u0105 szcz\u0119\u015bcia dla wszystkich wok\u00f3\u0142. Jej cechami jest stanowczo\u015b\u0107, zdecydowanie, uprzejmo\u015b\u0107 i weso\u0142o\u015b\u0107. Jest zadziwiaj\u0105co wytrwa\u0142a i konsekwentnie trzyma si\u0119 obranej drogi.<\/p>\n<p>Takie s\u0105 te\u017c kobiety z OFKI\u2026<\/p>\n<h2><strong>Pokoje butikowe Ofka &#8211; 8pokoi<\/strong><\/h2>\n<p>zaprojektowane i urz\u0105dzone zosta\u0142y przez Studio Rygalik z Warszawy, kt\u00f3re powsta\u0142o w 2006 roku z inicjatywy Tomka Rygalika. Przez pierwsze dwa lata funkcjonowa\u0142o mi\u0119dzy Londynem a \u0141odzi\u0105, rodzinnym miastem Tomka. Od 2009 roku Studio mie\u015bci si\u0119 w Warszawie. Wtedy to do zespo\u0142u do\u0142\u0105czy\u0142a Gosia Rygalik, kt\u00f3ra w 2012 r. zosta\u0142a w Studio partnerem. Studio Rygalik realizuje kompleksowe projekty o r\u00f3\u017cnorodnym charakterze. Spektrum dzia\u0142a\u0144 jest bardzo szerokie &#8211; od projektowania, rozwoju i wdro\u017cenia produktu po realizacje site-specific oraz produkcj\u0119 limitowanych serii, a tak\u017ce eksperymentalne obiekty, kompleksowe doznania kulinarne oraz warsztaty badaj\u0105ce relacje pomi\u0119dzy projektowaniem i jedzeniem. Poza wsp\u00f3\u0142prac\u0105 z przemys\u0142em, kt\u00f3ra jest g\u0142\u00f3wn\u0105 podstaw\u0105 dzia\u0142alno\u015bci, Studio Rygalik cz\u0119sto anga\u017cuje si\u0119 w projekty realizowane dla instytucji kultury, kt\u00f3re pozwalaj\u0105 na dzia\u0142ania eksperymentalne. W\u015br\u00f3d prac zrealizowanych przez Studio Rygalik znajduj\u0105 si\u0119 projekty dla takich firm jak Heineken, Moroso, Dupont \/ Corian, Moroso, Comforty, Artek, Iker, Noti, ABR, Heal&#8217;s, Ideal Standard, Pfleiderer i Bozar oraz meble dedykowane polskiej prezydencji w UE. W ci\u0105gu ostatnich lat prace Studia zobaczy\u0107 mo\u017cna by\u0142o w Mediolanie, Wiedniu, Monachium, Nowym Jorku, Tokjo, Poznaniu, Warszawie, Walencji. Jak r\u00f3wnie\u017c na \u0142amach mi\u0119dzynarodowej prasy: Icon, Interni, Wallpaper, Experimenta, Blueprint, New York Times i Financial Times.<\/p>\n<p><strong>8 POKOI<\/strong> wyposa\u017cone zosta\u0142y w meble z Paged Colletion, kt\u00f3r\u0105 firma Paged, po ponad 50 latach obecno\u015bci na rynku, dotychczas znana jako czo\u0142owy dostawca mebli drewnianych, przedstawi\u0142a na Salone Internazionale del Mobile w 2014 r. Jest to w\u0142asna marka obejmuj\u0105ca sze\u015b\u0107 autorskich rodzin mebli przeznaczonych na rynek kontraktowy. Unikalne wzornictwo, wysoka jako\u015b\u0107 oraz estetyka \u0142\u0105cz\u0105ca poszczeg\u00f3lne elementy kolekcji tworz\u0105 sp\u00f3jn\u0105 ca\u0142o\u015b\u0107 z projektem pozosta\u0142ego wyposa\u017cenia.<\/p>\n","protected":false},"excerpt":{"rendered":"<p>SP\u00d3\u0141DZIELNIA SOCJALNA OFKA W CIESZYNIE \u201eGdzie diabe\u0142 nie mo\u017ce, tam bab\u0119 po\u015ble\u201d \u2013 m\u00f3wi znane wszystkim przys\u0142owie. I w my\u015bl tych s\u0142\u00f3w zebra\u0142a si\u0119 grupa\u00a0niezwyk\u0142ych kobiet o r\u00f3\u017cnorodnych kompetencjach i umiej\u0119tno\u015bciach. Wszystkie po\u0142\u0105czy\u0142o miasto Cieszyn i urokliwe miejsce jakim jest Zamek Cieszyn. I tak powsta\u0142a OFKA. OFKA &#8211; 8POKOI to[&#8230;]<\/p>\n","protected":false},"author":1,"featured_media":0,"parent":0,"menu_order":0,"comment_status":"open","ping_status":"open","template":"template-fullwidth.php","meta":[],"yoast_head":"<!-- This site is optimized with the Yoast SEO plugin v17.0 - https:\/\/yoast.com\/wordpress\/plugins\/seo\/ -->\n<title>Ofka Cieszyn - Hotel 8 pokoi noclegi, kwatery, pokoje go\u015bcinne<\/title>\n<meta name=\"description\" content=\"Sp\u00f3\u0142dzielnia Socjalna Ofka z Cieszyna prowadzi przytulny hotel w kt\u00f3rym mamy pokoje butikowe, biuro eventowe oraz wypo\u017cyczalnia rower\u00f3w.\" \/>\n<meta name=\"robots\" content=\"index, follow, max-snippet:-1, max-image-preview:large, max-video-preview:-1\" \/>\n<link rel=\"canonical\" href=\"https:\/\/8pokoi.pl\/?page_id=425\" \/>\n<meta property=\"og:locale\" content=\"pl_PL\" \/>\n<meta property=\"og:type\" content=\"article\" \/>\n<meta property=\"og:title\" content=\"Ofka Cieszyn - Hotel 8 pokoi noclegi, kwatery, pokoje go\u015bcinne\" \/>\n<meta property=\"og:description\" content=\"Sp\u00f3\u0142dzielnia Socjalna Ofka z Cieszyna prowadzi przytulny hotel w kt\u00f3rym mamy pokoje butikowe, biuro eventowe oraz wypo\u017cyczalnia rower\u00f3w.\" \/>\n<meta property=\"og:url\" content=\"https:\/\/8pokoi.pl\/?page_id=425\" \/>\n<meta property=\"og:site_name\" content=\"Hotel 8 pokoi noclegi, kwatery, pokoje go\u015bcinne\" \/>\n<meta property=\"article:modified_time\" content=\"2021-07-28T10:18:52+00:00\" \/>\n<meta name=\"twitter:card\" content=\"summary_large_image\" \/>\n<meta name=\"twitter:label1\" content=\"Szacowany czas czytania\" \/>\n\t<meta name=\"twitter:data1\" content=\"3 minuty\" \/>\n<script type=\"application\/ld+json\" class=\"yoast-schema-graph\">{\"@context\":\"https:\/\/schema.org\",\"@graph\":[{\"@type\":\"WebSite\",\"@id\":\"https:\/\/8pokoi.pl\/#website\",\"url\":\"https:\/\/8pokoi.pl\/\",\"name\":\"Hotel 8 pokoi noclegi, kwatery, pokoje go\\u015bcinne\",\"description\":\"Ofka zaprasza w swoje progi na noclegi do Cieszyna\",\"potentialAction\":[{\"@type\":\"SearchAction\",\"target\":{\"@type\":\"EntryPoint\",\"urlTemplate\":\"https:\/\/8pokoi.pl\/?s={search_term_string}\"},\"query-input\":\"required name=search_term_string\"}],\"inLanguage\":\"pl-PL\"},{\"@type\":\"WebPage\",\"@id\":\"https:\/\/8pokoi.pl\/?page_id=425#webpage\",\"url\":\"https:\/\/8pokoi.pl\/?page_id=425\",\"name\":\"Ofka Cieszyn - Hotel 8 pokoi noclegi, kwatery, pokoje go\\u015bcinne\",\"isPartOf\":{\"@id\":\"https:\/\/8pokoi.pl\/#website\"},\"datePublished\":\"2015-04-30T22:29:16+00:00\",\"dateModified\":\"2021-07-28T10:18:52+00:00\",\"description\":\"Sp\\u00f3\\u0142dzielnia Socjalna Ofka z Cieszyna prowadzi przytulny hotel w kt\\u00f3rym mamy pokoje butikowe, biuro eventowe oraz wypo\\u017cyczalnia rower\\u00f3w.\",\"breadcrumb\":{\"@id\":\"https:\/\/8pokoi.pl\/?page_id=425#breadcrumb\"},\"inLanguage\":\"pl-PL\",\"potentialAction\":[{\"@type\":\"ReadAction\",\"target\":[\"https:\/\/8pokoi.pl\/?page_id=425\"]}]},{\"@type\":\"BreadcrumbList\",\"@id\":\"https:\/\/8pokoi.pl\/?page_id=425#breadcrumb\",\"itemListElement\":[{\"@type\":\"ListItem\",\"position\":1,\"name\":\"Strona g\\u0142\\u00f3wna\",\"item\":\"https:\/\/8pokoi.pl\/\"},{\"@type\":\"ListItem\",\"position\":2,\"name\":\"Ofka Cieszyn\"}]}]}<\/script>\n<!-- \/ Yoast SEO plugin. -->","yoast_head_json":{"title":"Ofka Cieszyn - Hotel 8 pokoi noclegi, kwatery, pokoje go\u015bcinne","description":"Sp\u00f3\u0142dzielnia Socjalna Ofka z Cieszyna prowadzi przytulny hotel w kt\u00f3rym mamy pokoje butikowe, biuro eventowe oraz wypo\u017cyczalnia rower\u00f3w.","robots":{"index":"index","follow":"follow","max-snippet":"max-snippet:-1","max-image-preview":"max-image-preview:large","max-video-preview":"max-video-preview:-1"},"canonical":"https:\/\/8pokoi.pl\/?page_id=425","og_locale":"pl_PL","og_type":"article","og_title":"Ofka Cieszyn - Hotel 8 pokoi noclegi, kwatery, pokoje go\u015bcinne","og_description":"Sp\u00f3\u0142dzielnia Socjalna Ofka z Cieszyna prowadzi przytulny hotel w kt\u00f3rym mamy pokoje butikowe, biuro eventowe oraz wypo\u017cyczalnia rower\u00f3w.","og_url":"https:\/\/8pokoi.pl\/?page_id=425","og_site_name":"Hotel 8 pokoi noclegi, kwatery, pokoje go\u015bcinne","article_modified_time":"2021-07-28T10:18:52+00:00","twitter_card":"summary_large_image","twitter_misc":{"Szacowany czas czytania":"3 minuty"},"schema":{"@context":"https:\/\/schema.org","@graph":[{"@type":"WebSite","@id":"https:\/\/8pokoi.pl\/#website","url":"https:\/\/8pokoi.pl\/","name":"Hotel 8 pokoi noclegi, kwatery, pokoje go\u015bcinne","description":"Ofka zaprasza w swoje progi na noclegi do Cieszyna","potentialAction":[{"@type":"SearchAction","target":{"@type":"EntryPoint","urlTemplate":"https:\/\/8pokoi.pl\/?s={search_term_string}"},"query-input":"required name=search_term_string"}],"inLanguage":"pl-PL"},{"@type":"WebPage","@id":"https:\/\/8pokoi.pl\/?page_id=425#webpage","url":"https:\/\/8pokoi.pl\/?page_id=425","name":"Ofka Cieszyn - Hotel 8 pokoi noclegi, kwatery, pokoje go\u015bcinne","isPartOf":{"@id":"https:\/\/8pokoi.pl\/#website"},"datePublished":"2015-04-30T22:29:16+00:00","dateModified":"2021-07-28T10:18:52+00:00","description":"Sp\u00f3\u0142dzielnia Socjalna Ofka z Cieszyna prowadzi przytulny hotel w kt\u00f3rym mamy pokoje butikowe, biuro eventowe oraz wypo\u017cyczalnia rower\u00f3w.","breadcrumb":{"@id":"https:\/\/8pokoi.pl\/?page_id=425#breadcrumb"},"inLanguage":"pl-PL","potentialAction":[{"@type":"ReadAction","target":["https:\/\/8pokoi.pl\/?page_id=425"]}]},{"@type":"BreadcrumbList","@id":"https:\/\/8pokoi.pl\/?page_id=425#breadcrumb","itemListElement":[{"@type":"ListItem","position":1,"name":"Strona g\u0142\u00f3wna","item":"https:\/\/8pokoi.pl\/"},{"@type":"ListItem","position":2,"name":"Ofka Cieszyn"}]}]}},"_links":{"self":[{"href":"https:\/\/8pokoi.pl\/index.php?rest_route=\/wp\/v2\/pages\/425"}],"collection":[{"href":"https:\/\/8pokoi.pl\/index.php?rest_route=\/wp\/v2\/pages"}],"about":[{"href":"https:\/\/8pokoi.pl\/index.php?rest_route=\/wp\/v2\/types\/page"}],"author":[{"embeddable":true,"href":"https:\/\/8pokoi.pl\/index.php?rest_route=\/wp\/v2\/users\/1"}],"replies":[{"embeddable":true,"href":"https:\/\/8pokoi.pl\/index.php?rest_route=%2Fwp%2Fv2%2Fcomments&post=425"}],"version-history":[{"count":8,"href":"https:\/\/8pokoi.pl\/index.php?rest_route=\/wp\/v2\/pages\/425\/revisions"}],"predecessor-version":[{"id":525,"href":"https:\/\/8pokoi.pl\/index.php?rest_route=\/wp\/v2\/pages\/425\/revisions\/525"}],"wp:attachment":[{"href":"https:\/\/8pokoi.pl\/index.php?rest_route=%2Fwp%2Fv2%2Fmedia&parent=425"}],"curies":[{"name":"wp","href":"https:\/\/api.w.org\/{rel}","templated":true}]}}